{"id":3687,"date":"2023-06-26T14:12:36","date_gmt":"2023-06-26T11:12:36","guid":{"rendered":"http:\/\/antidopingas.lt\/?page_id=3687"},"modified":"2023-07-15T22:21:49","modified_gmt":"2023-07-15T19:21:49","slug":"pranesimas-apie-pazeidima","status":"publish","type":"page","link":"https:\/\/antidopingas.lt\/lt\/pranesimas-apie-pazeidima\/","title":{"rendered":"Prane\u0161imas apie pa\u017eeidim\u0105"},"content":{"rendered":"","protected":false},"excerpt":{"rendered":"","protected":false},"author":1,"featured_media":0,"parent":0,"menu_order":0,"comment_status":"closed","ping_status":"closed","template":"","meta":{"footnotes":""},"class_list":["post-3687","page","type-page","status-publish","hentry"],"_links":{"self":[{"href":"https:\/\/antidopingas.lt\/lt\/wp-json\/wp\/v2\/pages\/3687","targetHints":{"allow":["GET"]}}],"collection":[{"href":"https:\/\/antidopingas.lt\/lt\/wp-json\/wp\/v2\/pages"}],"about":[{"href":"https:\/\/antidopingas.lt\/lt\/wp-json\/wp\/v2\/types\/page"}],"author":[{"embeddable":true,"href":"https:\/\/antidopingas.lt\/lt\/wp-json\/wp\/v2\/users\/1"}],"replies":[{"embeddable":true,"href":"https:\/\/antidopingas.lt\/lt\/wp-json\/wp\/v2\/comments?post=3687"}],"version-history":[{"count":1,"href":"https:\/\/antidopingas.lt\/lt\/wp-json\/wp\/v2\/pages\/3687\/revisions"}],"predecessor-version":[{"id":3688,"href":"https:\/\/antidopingas.lt\/lt\/wp-json\/wp\/v2\/pages\/3687\/revisions\/3688"}],"wp:attachment":[{"href":"https:\/\/antidopingas.lt\/lt\/wp-json\/wp\/v2\/media?parent=3687"}],"curies":[{"name":"wp","href":"https:\/\/api.w.org\/{rel}","templated":true}]}}