{"id":3678,"date":"2023-06-20T11:33:30","date_gmt":"2023-06-20T08:33:30","guid":{"rendered":"http:\/\/antidopingas.lt\/?page_id=3678"},"modified":"2026-04-13T12:36:37","modified_gmt":"2026-04-13T12:36:37","slug":"sutartu-varzybu-prevencija","status":"publish","type":"page","link":"https:\/\/antidopingas.lt\/lt\/sutartu-varzybu-prevencija\/","title":{"rendered":"Sutart\u0173 var\u017eyb\u0173 prevencija"},"content":{"rendered":"","protected":false},"excerpt":{"rendered":"","protected":false},"author":1,"featured_media":0,"parent":0,"menu_order":0,"comment_status":"closed","ping_status":"closed","template":"","meta":{"footnotes":""},"class_list":["post-3678","page","type-page","status-publish","hentry"],"_links":{"self":[{"href":"https:\/\/antidopingas.lt\/lt\/wp-json\/wp\/v2\/pages\/3678","targetHints":{"allow":["GET"]}}],"collection":[{"href":"https:\/\/antidopingas.lt\/lt\/wp-json\/wp\/v2\/pages"}],"about":[{"href":"https:\/\/antidopingas.lt\/lt\/wp-json\/wp\/v2\/types\/page"}],"author":[{"embeddable":true,"href":"https:\/\/antidopingas.lt\/lt\/wp-json\/wp\/v2\/users\/1"}],"replies":[{"embeddable":true,"href":"https:\/\/antidopingas.lt\/lt\/wp-json\/wp\/v2\/comments?post=3678"}],"version-history":[{"count":1,"href":"https:\/\/antidopingas.lt\/lt\/wp-json\/wp\/v2\/pages\/3678\/revisions"}],"predecessor-version":[{"id":3679,"href":"https:\/\/antidopingas.lt\/lt\/wp-json\/wp\/v2\/pages\/3678\/revisions\/3679"}],"wp:attachment":[{"href":"https:\/\/antidopingas.lt\/lt\/wp-json\/wp\/v2\/media?parent=3678"}],"curies":[{"name":"wp","href":"https:\/\/api.w.org\/{rel}","templated":true}]}}