{"id":3662,"date":"2023-06-20T11:05:00","date_gmt":"2023-06-20T08:05:00","guid":{"rendered":"http:\/\/antidopingas.lt\/?page_id=3662"},"modified":"2024-02-27T21:54:10","modified_gmt":"2024-02-27T21:54:10","slug":"kraujo-meginiu-surinkimo-procedura","status":"publish","type":"page","link":"https:\/\/antidopingas.lt\/lt\/kraujo-meginiu-surinkimo-procedura\/","title":{"rendered":"Kraujo m\u0117gini\u0173 surinkimo proced\u016bra"},"content":{"rendered":"","protected":false},"excerpt":{"rendered":"","protected":false},"author":1,"featured_media":0,"parent":0,"menu_order":0,"comment_status":"closed","ping_status":"closed","template":"","meta":{"footnotes":""},"class_list":["post-3662","page","type-page","status-publish","hentry"],"_links":{"self":[{"href":"https:\/\/antidopingas.lt\/lt\/wp-json\/wp\/v2\/pages\/3662","targetHints":{"allow":["GET"]}}],"collection":[{"href":"https:\/\/antidopingas.lt\/lt\/wp-json\/wp\/v2\/pages"}],"about":[{"href":"https:\/\/antidopingas.lt\/lt\/wp-json\/wp\/v2\/types\/page"}],"author":[{"embeddable":true,"href":"https:\/\/antidopingas.lt\/lt\/wp-json\/wp\/v2\/users\/1"}],"replies":[{"embeddable":true,"href":"https:\/\/antidopingas.lt\/lt\/wp-json\/wp\/v2\/comments?post=3662"}],"version-history":[{"count":1,"href":"https:\/\/antidopingas.lt\/lt\/wp-json\/wp\/v2\/pages\/3662\/revisions"}],"predecessor-version":[{"id":3663,"href":"https:\/\/antidopingas.lt\/lt\/wp-json\/wp\/v2\/pages\/3662\/revisions\/3663"}],"wp:attachment":[{"href":"https:\/\/antidopingas.lt\/lt\/wp-json\/wp\/v2\/media?parent=3662"}],"curies":[{"name":"wp","href":"https:\/\/api.w.org\/{rel}","templated":true}]}}