{"id":3660,"date":"2023-06-20T11:04:47","date_gmt":"2023-06-20T08:04:47","guid":{"rendered":"http:\/\/antidopingas.lt\/?page_id=3660"},"modified":"2024-02-27T21:52:07","modified_gmt":"2024-02-27T21:52:07","slug":"slapimo-meginiu-surinkimo-proceduros","status":"publish","type":"page","link":"https:\/\/antidopingas.lt\/lt\/slapimo-meginiu-surinkimo-proceduros\/","title":{"rendered":"\u0160lapimo m\u0117ginio surinkimo proced\u016bros"},"content":{"rendered":"","protected":false},"excerpt":{"rendered":"","protected":false},"author":1,"featured_media":0,"parent":0,"menu_order":0,"comment_status":"closed","ping_status":"closed","template":"","meta":{"footnotes":""},"class_list":["post-3660","page","type-page","status-publish","hentry"],"_links":{"self":[{"href":"https:\/\/antidopingas.lt\/lt\/wp-json\/wp\/v2\/pages\/3660","targetHints":{"allow":["GET"]}}],"collection":[{"href":"https:\/\/antidopingas.lt\/lt\/wp-json\/wp\/v2\/pages"}],"about":[{"href":"https:\/\/antidopingas.lt\/lt\/wp-json\/wp\/v2\/types\/page"}],"author":[{"embeddable":true,"href":"https:\/\/antidopingas.lt\/lt\/wp-json\/wp\/v2\/users\/1"}],"replies":[{"embeddable":true,"href":"https:\/\/antidopingas.lt\/lt\/wp-json\/wp\/v2\/comments?post=3660"}],"version-history":[{"count":3,"href":"https:\/\/antidopingas.lt\/lt\/wp-json\/wp\/v2\/pages\/3660\/revisions"}],"predecessor-version":[{"id":4008,"href":"https:\/\/antidopingas.lt\/lt\/wp-json\/wp\/v2\/pages\/3660\/revisions\/4008"}],"wp:attachment":[{"href":"https:\/\/antidopingas.lt\/lt\/wp-json\/wp\/v2\/media?parent=3660"}],"curies":[{"name":"wp","href":"https:\/\/api.w.org\/{rel}","templated":true}]}}