{"id":3585,"date":"2023-06-14T22:51:18","date_gmt":"2023-06-14T19:51:18","guid":{"rendered":"http:\/\/antidopingas.lt\/?page_id=3585"},"modified":"2025-12-23T07:43:15","modified_gmt":"2025-12-23T07:43:15","slug":"agenturos-veikla-reglamentuojantys-teises-aktai","status":"publish","type":"page","link":"https:\/\/antidopingas.lt\/lt\/agenturos-veikla-reglamentuojantys-teises-aktai\/","title":{"rendered":"Agent\u016bros veikl\u0105 reglamentuojantys teis\u0117s aktai"},"content":{"rendered":"","protected":false},"excerpt":{"rendered":"","protected":false},"author":1,"featured_media":0,"parent":0,"menu_order":0,"comment_status":"closed","ping_status":"closed","template":"","meta":{"footnotes":""},"class_list":["post-3585","page","type-page","status-publish","hentry"],"_links":{"self":[{"href":"https:\/\/antidopingas.lt\/lt\/wp-json\/wp\/v2\/pages\/3585","targetHints":{"allow":["GET"]}}],"collection":[{"href":"https:\/\/antidopingas.lt\/lt\/wp-json\/wp\/v2\/pages"}],"about":[{"href":"https:\/\/antidopingas.lt\/lt\/wp-json\/wp\/v2\/types\/page"}],"author":[{"embeddable":true,"href":"https:\/\/antidopingas.lt\/lt\/wp-json\/wp\/v2\/users\/1"}],"replies":[{"embeddable":true,"href":"https:\/\/antidopingas.lt\/lt\/wp-json\/wp\/v2\/comments?post=3585"}],"version-history":[{"count":3,"href":"https:\/\/antidopingas.lt\/lt\/wp-json\/wp\/v2\/pages\/3585\/revisions"}],"predecessor-version":[{"id":3825,"href":"https:\/\/antidopingas.lt\/lt\/wp-json\/wp\/v2\/pages\/3585\/revisions\/3825"}],"wp:attachment":[{"href":"https:\/\/antidopingas.lt\/lt\/wp-json\/wp\/v2\/media?parent=3585"}],"curies":[{"name":"wp","href":"https:\/\/api.w.org\/{rel}","templated":true}]}}